{"id":498,"date":"2022-06-20T08:24:43","date_gmt":"2022-06-20T08:24:43","guid":{"rendered":"http:\/\/wellnessexp.flywheelstaging.com\/?page_id=498"},"modified":"2026-02-13T11:15:51","modified_gmt":"2026-02-13T11:15:51","slug":"transparencia","status":"publish","type":"page","link":"https:\/\/wellnessexperience-consulting.com\/en\/transparencia\/","title":{"rendered":"Transparencia"},"content":{"rendered":"<style type=\"text\/css\"><\/style><div class=\"wp-block-image\">\n<figure class=\"aligncenter size-large\"><img loading=\"lazy\" decoding=\"async\" width=\"1024\" height=\"724\" src=\"https:\/\/wellnessexperience-consulting.com\/wp-content\/uploads\/2023\/12\/Cartel-reactivacion-pymes-2021-2022.WE-DIMITROVApdf-1024x724.jpg\" alt=\"\" class=\"wp-image-546\" srcset=\"https:\/\/wellnessexperience-consulting.com\/wp-content\/uploads\/2023\/12\/Cartel-reactivacion-pymes-2021-2022.WE-DIMITROVApdf-1024x724.jpg 1024w, https:\/\/wellnessexperience-consulting.com\/wp-content\/uploads\/2023\/12\/Cartel-reactivacion-pymes-2021-2022.WE-DIMITROVApdf-300x212.jpg 300w, https:\/\/wellnessexperience-consulting.com\/wp-content\/uploads\/2023\/12\/Cartel-reactivacion-pymes-2021-2022.WE-DIMITROVApdf-768x543.jpg 768w, https:\/\/wellnessexperience-consulting.com\/wp-content\/uploads\/2023\/12\/Cartel-reactivacion-pymes-2021-2022.WE-DIMITROVApdf-580x410.jpg 580w, https:\/\/wellnessexperience-consulting.com\/wp-content\/uploads\/2023\/12\/Cartel-reactivacion-pymes-2021-2022.WE-DIMITROVApdf-820x580.jpg 820w, https:\/\/wellnessexperience-consulting.com\/wp-content\/uploads\/2023\/12\/Cartel-reactivacion-pymes-2021-2022.WE-DIMITROVApdf-1160x820.jpg 1160w, https:\/\/wellnessexperience-consulting.com\/wp-content\/uploads\/2023\/12\/Cartel-reactivacion-pymes-2021-2022.WE-DIMITROVApdf.jpg 1190w\" sizes=\"auto, (max-width: 1024px) 100vw, 1024px\" \/><\/figure>\n<\/div>\n\n\n<div class=\"politics-content\">\n<strong>1. RAZ\u00d3N SOCIAL.<\/strong>\n<p> &#8211; WE DIMITROVA S.L.<\/p>\n<strong>2. DOMICILIO: <\/strong>\n<p> C\/ DOCTOR JUAN DE PADILLA 29 2 B PALMAS DE GRAN CANARIA (LAS(LAS PALMAS).<\/p>\n<strong>3. C.I.F.: <\/strong>\n<p> B76306109<\/p>\n<strong>4. FORMA JUR\u00cdDICA DE LA EMPRESA.<\/strong>\n<p> &#8211; SOCIEDAD DE RESPONSABILIDAD LIMITADA<\/p>\n<strong>5. OBJETO DE LA EMPRESA.<\/strong>\n<p> Peluquer\u00eda y otros tratamientos de belleza. Asesoramiento y gesti\u00f3n de centros de spa,\n talasoterapias, belleza y peluquer\u00eda. Distribuidor de productos cosm\u00e9ticos. Representante de\n productos cosm\u00e9ticos.<\/p>\n<strong>6. DESCRIPCI\u00d3N DE LA ACTIVIDAD, PRODUCTO O SERVICIO.<\/strong>\n<p>Wellness Experience es una empresa dedicada a la gesti\u00f3n, asesoramiento y dise\u00f1o de Centros\nde SPA, Wellness y Talasoterapia. Nos encargamos de gestionar centros ya en funcionamiento o\nconcebirlos desde el inicio para aquellos hoteles que no tengan este servicio y quieran dotar de\nun valor a\u00f1adido a su ya existente oferta.<\/p>\n<strong>7. ANTIGUEDAD.<\/strong>\n<p>Nacemos en 2018 con la filosof\u00eda de ser un colaborador para los empresarios hoteleros,\naportando el know-how de nuestro equipo para dar vida a espacios infrautilizados de su\npropiedad, generando tambi\u00e9n de esta manera un ingreso adicional m\u00e1s en su cuenta de\nresultados.<\/p>\n<strong>8. EVOLUCION.<\/strong>\n<p> Operamos una cartera de spas exitosos y reconocemos instintivamente c\u00f3mo optimizar los ingresos,\n impulsar la rentabilidad y administrar comercialmente el negocio. Pondremos todas las medidas\n correctas para maximizar los ingresos y garantizar un crecimiento saludable.<\/p>\n<strong>9. RECURSOS MATERIALES Y HUMANOS.<\/strong>\n<p><u>9.0.- MATERIALES. INVERSIONES<\/u><\/p>\n\n\n\n<div class=\"wp-block-columns is-layout-flex wp-container-core-columns-is-layout-8f761849 wp-block-columns-is-layout-flex\">\n<div class=\"wp-block-column is-layout-flow wp-block-column-is-layout-flow\">\n<figure class=\"wp-block-table is-style-stripes\"><table class=\"has-fixed-layout\"><tbody><tr><td>21400001<\/td><td>MAQUINA PULIDO DE U\u00d1AS<\/td><\/tr><tr><td>21500001<\/td><td>INST.ALUA VILLA<\/td><\/tr><tr><td>21500002<\/td><td>INST.FARO JADIA<\/td><\/tr><tr><td>21500003<\/td><td>CAMARAS DE SEGURIDAD<\/td><\/tr><tr><td>21500004<\/td><td>CAMARA DE SEGURIDAD FARO JANDI<\/td><\/tr><tr><td>21500005<\/td><td>SISTEMA DE GRABACION BAHIA PLA<\/td><\/tr><tr><td>21500006<\/td><td>INST.HOTEL NEPTUNO<\/td><\/tr><tr><td>21600000<\/td><td>MOBILIARIO<\/td><\/tr><tr><td>21600001<\/td><td>MESA 40X40<\/td><\/tr><tr><td>21600002<\/td><td>CARRO MULTIFUNCIONAL<\/td><\/tr><tr><td>21600003<\/td><td>TRESILLO BUENOS CON COJIN<\/td><\/tr><tr><td>21600004<\/td><td>MESA 40X40 AUXILIAR MIAMI<\/td><\/tr><tr><td>21600005<\/td><td>MACETAS BAMBU<\/td><\/tr><tr><td>21600006<\/td><td>CAMILLA HIDRAULICA 2 CUERPOS<\/td><\/tr><tr><td>21600007<\/td><td>FABRIKOR VITRINA 57X150<\/td><\/tr><tr><td>21600008<\/td><td>ESPEJO DE PARED<\/td><\/tr><tr><td>21600009<\/td><td>SILLON RATAN ACAPULCO AZUL<\/td><\/tr><tr><td>21600010<\/td><td>MUEBLE DE SALON LACADO<\/td><\/tr><tr><td>21600011<\/td><td>SILLA ADEC NAVY<\/td><\/tr><tr><td>21600012<\/td><td>CAMILLA HIDRAULICA DOS CUERPOS<\/td><\/tr><tr><td>21600013<\/td><td>KALLAK ESTANTERIAS<\/td><\/tr><tr><td>21600014<\/td><td>MESA AUX.TUMBONAS<\/td><\/tr><tr><td>21600015<\/td><td>CAMILLA MASAJE PLEGABLE<\/td><\/tr><tr><td>21600016<\/td><td>CAMILLA DE MASAJE PLEGABLE MAD<\/td><\/tr><tr><td>21600017<\/td><td>CAMILLA DE PASAJE PLEGABLE PRO<\/td><\/tr><tr><td>21600018<\/td><td>TABURETE BASE CROMADA 5 RUEDAS<\/td><\/tr><tr><td>21600019<\/td><td>TABURETE BASE RODABLE<\/td><\/tr><tr><td>21600020<\/td><td>CAMILLA PLEGABLE MADERA<\/td><\/tr><tr><td>21700000<\/td><td>EQUIPOS PARA PROCESOS DE INFOR<\/td><\/tr><tr><td>21700002<\/td><td>TABLE WACOM INTUOS<\/td><\/tr><tr><td>21800001<\/td><td>COCHE BMW MAD.5785KPR<\/td><\/tr><tr><td>21900001<\/td><td>PURIFICADOR DE AIRE<\/td><\/tr><tr><td>21900002<\/td><td>CALENTADOR PIEDRAS<\/td><\/tr><tr><td>21900003<\/td><td>ROWENTA R03786 COMPACT<\/td><\/tr><tr><td>21900004<\/td><td>CALENTADOR PIEDRAS PROFESIONAL<\/td><\/tr><tr><td><\/td><td><\/td><\/tr><\/tbody><\/table><\/figure>\n\n\n\n<p><u>9.1.- HUMANOS<\/u><\/p>\n<p style='text-align:center'><strong>Per\u00edodo:<\/strong> 01\/01\/2021 a 31\/12\/2021<\/p>\n<\/div>\n<\/div>\n\n\n\n<figure class=\"wp-block-table is-style-stripes\"><table><thead><tr><th class=\"has-text-align-left\" data-align=\"left\"><strong>Descripci\u00f3n<\/strong><\/th><th class=\"has-text-align-right\" data-align=\"right\"><strong>Fijos<\/strong><\/th><th class=\"has-text-align-right\" data-align=\"right\"><strong>Eventuales<\/strong><\/th><th class=\"has-text-align-right\" data-align=\"right\"><strong>Total<\/strong><\/th><\/tr><\/thead><tbody><tr><td class=\"has-text-align-left\" data-align=\"left\">Trabajadores en Alta al Inicio<\/td><td class=\"has-text-align-right\" data-align=\"right\">8<\/td><td class=\"has-text-align-right\" data-align=\"right\">2<\/td><td class=\"has-text-align-right\" data-align=\"right\">10<\/td><\/tr><tr><td class=\"has-text-align-left\" data-align=\"left\">Altas durante el per\u00edodo<\/td><td class=\"has-text-align-right\" data-align=\"right\">1<\/td><td class=\"has-text-align-right\" data-align=\"right\">42<\/td><td class=\"has-text-align-right\" data-align=\"right\">43<\/td><\/tr><tr><td class=\"has-text-align-left\" data-align=\"left\">Bajas durante el per\u00edodo<\/td><td class=\"has-text-align-right\" data-align=\"right\">1<\/td><td class=\"has-text-align-right\" data-align=\"right\">15<\/td><td class=\"has-text-align-right\" data-align=\"right\">16<\/td><\/tr><tr><td class=\"has-text-align-left\" data-align=\"left\">Trabajadores en Alta al Final<\/td><td class=\"has-text-align-right\" data-align=\"right\">8<\/td><td class=\"has-text-align-right\" data-align=\"right\">29<\/td><td class=\"has-text-align-right\" data-align=\"right\">37<\/td><\/tr><tr><td class=\"has-text-align-left\" data-align=\"left\">Plantilla media discapacitados &gt;o=33%<\/td><td class=\"has-text-align-right\" data-align=\"right\">0,000<\/td><td class=\"has-text-align-right\" data-align=\"right\">0,000<\/td><td class=\"has-text-align-right\" data-align=\"right\">0,000<\/td><\/tr><tr><td class=\"has-text-align-left\" data-align=\"left\">Plantilla media Total<\/td><td class=\"has-text-align-right\" data-align=\"right\">7,794<\/td><td class=\"has-text-align-right\" data-align=\"right\">11,994<\/td><td class=\"has-text-align-right\" data-align=\"right\">19,789<\/td><\/tr><\/tbody><\/table><\/figure>\n\n\n\n<strong>10. MARKETING.<\/strong>\n<p>  Nos aseguraremos de visibilizar el concepto dentro del propio hotel y los beneficios de su spa a las personas adecuadas, de la manera correcta, en los lugares id\u00f3neos para garantizar que\n las tasas de captura, el ingreso y la generaci\u00f3n de satisfacci\u00f3n est\u00e9n aseguradas.\nPodemos crear, desarrollar y lanzar su SPA, asegurando que est\u00e9 configurado para el \u00e9xito desde el primer d\u00eda. Podemos ayudarle a administrarlo de manera eficiente y rentable y al mismo tiempo superar las expectativas del cliente. Bas\u00e1ndonos en a\u00f1os de\nexperiencia, desde el concepto original hasta la actividad diaria, nuestro equipo cuenta con el conocimiento t\u00e9cnico y comercial relevante para guiar su proyecto a trav\u00e9s de cada etapa de desarrollo del proceso. Nuestros amplios servicios de consultor\u00eda de spa dan vida a hermosos spas, excepcionalmente organizados, ya sea para un proyecto de\nurbano, un retiro de bienestar o un resort vacacional con centro de SPA.<\/p>\n<\/div>","protected":false},"excerpt":{"rendered":"<p>1. RAZ\u00d3N SOCIAL. &#8211; WE DIMITROVA S.L. 2. DOMICILIO: C\/ DOCTOR JUAN DE PADILLA 29 2 B PALMAS DE GRAN CANARIA (LAS(LAS PALMAS). 3. C.I.F.: B76306109 4. FORMA JUR\u00cdDICA DE LA EMPRESA. &#8211; SOCIEDAD DE RESPONSABILIDAD LIMITADA 5. OBJETO DE LA EMPRESA. Peluquer\u00eda y otros tratamientos de belleza. Asesoramiento y gesti\u00f3n de centros de spa,&#8230;<\/p>\n","protected":false},"author":1,"featured_media":0,"parent":0,"menu_order":0,"comment_status":"closed","ping_status":"closed","template":"","meta":{"_acf_changed":false,"_crdt_document":"","inline_featured_image":false,"advanced_seo_description":"","jetpack_seo_html_title":"","jetpack_seo_noindex":false,"footnotes":""},"class_list":["post-498","page","type-page","status-publish","hentry"],"acf":[],"jetpack_shortlink":"https:\/\/wp.me\/PgoEi6-82","_links":{"self":[{"href":"https:\/\/wellnessexperience-consulting.com\/en\/wp-json\/wp\/v2\/pages\/498","targetHints":{"allow":["GET"]}}],"collection":[{"href":"https:\/\/wellnessexperience-consulting.com\/en\/wp-json\/wp\/v2\/pages"}],"about":[{"href":"https:\/\/wellnessexperience-consulting.com\/en\/wp-json\/wp\/v2\/types\/page"}],"author":[{"embeddable":true,"href":"https:\/\/wellnessexperience-consulting.com\/en\/wp-json\/wp\/v2\/users\/1"}],"replies":[{"embeddable":true,"href":"https:\/\/wellnessexperience-consulting.com\/en\/wp-json\/wp\/v2\/comments?post=498"}],"version-history":[{"count":11,"href":"https:\/\/wellnessexperience-consulting.com\/en\/wp-json\/wp\/v2\/pages\/498\/revisions"}],"predecessor-version":[{"id":561,"href":"https:\/\/wellnessexperience-consulting.com\/en\/wp-json\/wp\/v2\/pages\/498\/revisions\/561"}],"wp:attachment":[{"href":"https:\/\/wellnessexperience-consulting.com\/en\/wp-json\/wp\/v2\/media?parent=498"}],"curies":[{"name":"wp","href":"https:\/\/api.w.org\/{rel}","templated":true}]}}